{"id":63,"date":"2021-05-07T14:58:14","date_gmt":"2021-05-07T14:58:14","guid":{"rendered":"https:\/\/eltanqueboxingclub.com\/?page_id=63"},"modified":"2021-10-15T20:10:13","modified_gmt":"2021-10-15T20:10:13","slug":"ofrecemos","status":"publish","type":"page","link":"https:\/\/eltanqueboxingclub.com\/index.php\/ofrecemos\/","title":{"rendered":"ofrecemos"},"content":{"rendered":"\t\t<div data-elementor-type=\"wp-page\" data-elementor-id=\"63\" class=\"elementor elementor-63\" data-elementor-settings=\"[]\">\n\t\t\t\t\t\t\t<div class=\"elementor-section-wrap\">\n\t\t\t\t\t\t\t<section class=\"elementor-section elementor-top-section elementor-element elementor-element-01b9c23 elementor-section-boxed elementor-section-height-default elementor-section-height-default\" data-id=\"01b9c23\" data-element_type=\"section\">\n\t\t\t\t\t\t<div class=\"elementor-container elementor-column-gap-default\">\n\t\t\t\t\t<div class=\"elementor-column elementor-col-100 elementor-top-column elementor-element elementor-element-e035dad\" data-id=\"e035dad\" data-element_type=\"column\">\n\t\t\t<div class=\"elementor-widget-wrap\">\n\t\t\t\t\t\t\t\t\t<\/div>\n\t\t<\/div>\n\t\t\t\t\t\t\t<\/div>\n\t\t<\/section>\n\t\t\t\t<section class=\"elementor-section elementor-top-section elementor-element elementor-element-ce97fc5 elementor-section-boxed elementor-section-height-default elementor-section-height-default\" data-id=\"ce97fc5\" data-element_type=\"section\">\n\t\t\t\t\t\t<div class=\"elementor-container elementor-column-gap-default\">\n\t\t\t\t\t<div class=\"elementor-column elementor-col-100 elementor-top-column elementor-element elementor-element-e2b4e99\" data-id=\"e2b4e99\" data-element_type=\"column\">\n\t\t\t<div class=\"elementor-widget-wrap elementor-element-populated\">\n\t\t\t\t\t\t\t\t<div class=\"elementor-element elementor-element-bb3ee92 elementor-widget elementor-widget-heading\" data-id=\"bb3ee92\" data-element_type=\"widget\" data-widget_type=\"heading.default\">\n\t\t\t\t<div class=\"elementor-widget-container\">\n\t\t\t<h2 class=\"elementor-heading-title elementor-size-default\">Que te Ofrecemos<\/h2>\t\t<\/div>\n\t\t\t\t<\/div>\n\t\t\t\t\t<\/div>\n\t\t<\/div>\n\t\t\t\t\t\t\t<\/div>\n\t\t<\/section>\n\t\t\t\t<section class=\"elementor-section elementor-top-section elementor-element elementor-element-ce3f874 elementor-section-boxed elementor-section-height-default elementor-section-height-default\" data-id=\"ce3f874\" data-element_type=\"section\">\n\t\t\t\t\t\t<div class=\"elementor-container elementor-column-gap-default\">\n\t\t\t\t\t<div class=\"elementor-column elementor-col-50 elementor-top-column elementor-element elementor-element-0f461f0\" data-id=\"0f461f0\" data-element_type=\"column\">\n\t\t\t<div class=\"elementor-widget-wrap elementor-element-populated\">\n\t\t\t\t\t\t\t\t<div class=\"elementor-element elementor-element-d0a2f57 elementor-widget elementor-widget-text-editor\" data-id=\"d0a2f57\" data-element_type=\"widget\" data-widget_type=\"text-editor.default\">\n\t\t\t\t<div class=\"elementor-widget-container\">\n\t\t\t\t\t\t\t<p>\u00a0<\/p><p>Unas instalaciones de 600 m2 con las m\u00e1s novedosas y \u00faltimas m\u00e1quinas de musculaci\u00f3n. <br \/>Zona de Crossfit.<br \/>Zona de Halterofilia.<br \/>Y un ring profesional con m\u00e1s de 10 sacos y diversos materiales espec\u00edficos donde aprender\u00e1s de este noble arte llamado BOXEO.<\/p>\t\t\t\t\t\t<\/div>\n\t\t\t\t<\/div>\n\t\t\t\t\t<\/div>\n\t\t<\/div>\n\t\t\t\t<div class=\"elementor-column elementor-col-50 elementor-top-column elementor-element elementor-element-672ca94\" data-id=\"672ca94\" data-element_type=\"column\">\n\t\t\t<div class=\"elementor-widget-wrap elementor-element-populated\">\n\t\t\t\t\t\t\t\t<div class=\"elementor-element elementor-element-94644c4 elementor-widget elementor-widget-image\" data-id=\"94644c4\" data-element_type=\"widget\" data-widget_type=\"image.default\">\n\t\t\t\t<div class=\"elementor-widget-container\">\n\t\t\t\t\t\t\t\t\t\t\t\t\t\t\t<img loading=\"lazy\" decoding=\"async\" width=\"300\" height=\"225\" src=\"https:\/\/eltanqueboxingclub.com\/wp-content\/uploads\/2021\/05\/instalaciones9-300x225.jpg\" class=\"attachment-medium size-medium\" alt=\"\" srcset=\"https:\/\/eltanqueboxingclub.com\/wp-content\/uploads\/2021\/05\/instalaciones9-300x225.jpg 300w, https:\/\/eltanqueboxingclub.com\/wp-content\/uploads\/2021\/05\/instalaciones9-768x576.jpg 768w, https:\/\/eltanqueboxingclub.com\/wp-content\/uploads\/2021\/05\/instalaciones9-770x578.jpg 770w, https:\/\/eltanqueboxingclub.com\/wp-content\/uploads\/2021\/05\/instalaciones9.jpg 800w\" sizes=\"auto, (max-width: 300px) 100vw, 300px\" \/>\t\t\t\t\t\t\t\t\t\t\t\t\t\t\t<\/div>\n\t\t\t\t<\/div>\n\t\t\t\t\t<\/div>\n\t\t<\/div>\n\t\t\t\t\t\t\t<\/div>\n\t\t<\/section>\n\t\t\t\t<section class=\"elementor-section elementor-top-section elementor-element elementor-element-8e2f871 elementor-section-boxed elementor-section-height-default elementor-section-height-default\" data-id=\"8e2f871\" data-element_type=\"section\">\n\t\t\t\t\t\t<div class=\"elementor-container elementor-column-gap-default\">\n\t\t\t\t\t<div class=\"elementor-column elementor-col-100 elementor-top-column elementor-element elementor-element-f66702f\" data-id=\"f66702f\" data-element_type=\"column\">\n\t\t\t<div class=\"elementor-widget-wrap elementor-element-populated\">\n\t\t\t\t\t\t\t\t<div class=\"elementor-element elementor-element-0ee8dce elementor-widget elementor-widget-heading\" data-id=\"0ee8dce\" data-element_type=\"widget\" data-widget_type=\"heading.default\">\n\t\t\t\t<div class=\"elementor-widget-container\">\n\t\t\t<h2 class=\"elementor-heading-title elementor-size-default\">\u00bfQUE VAS A LOGRAR?<\/h2>\t\t<\/div>\n\t\t\t\t<\/div>\n\t\t\t\t\t<\/div>\n\t\t<\/div>\n\t\t\t\t\t\t\t<\/div>\n\t\t<\/section>\n\t\t\t\t<section class=\"elementor-section elementor-top-section elementor-element elementor-element-73006bb elementor-section-boxed elementor-section-height-default elementor-section-height-default\" data-id=\"73006bb\" data-element_type=\"section\">\n\t\t\t\t\t\t<div class=\"elementor-container elementor-column-gap-default\">\n\t\t\t\t\t<div class=\"elementor-column elementor-col-100 elementor-top-column elementor-element elementor-element-40291a7\" data-id=\"40291a7\" data-element_type=\"column\">\n\t\t\t<div class=\"elementor-widget-wrap elementor-element-populated\">\n\t\t\t\t\t\t\t\t<div class=\"elementor-element elementor-element-b888c71 elementor-widget elementor-widget-text-editor\" data-id=\"b888c71\" data-element_type=\"widget\" data-widget_type=\"text-editor.default\">\n\t\t\t\t<div class=\"elementor-widget-container\">\n\t\t\t\t\t\t\t<p>\ud83e\udd4a Libera tensiones y estr\u00e9s <br \/>Gracias a su alto componente aer\u00f3bico.<br \/>\ud83e\udd4a Mejora tu resistencia f\u00edsica<br \/>Por los ejercicios de alto impacto que mejoran tu capacidad aer\u00f3bica y tu circulaci\u00f3n.<br \/>\ud83e\udd4a Aumentan tus reflejos<br \/>Ya que debemos aprender a anticipar los movimientos del adversario para poder esquivarlo o bloquearlo. <br \/>\ud83e\udd4a Mejora tu autoestima<br \/>Tener una mayor pr\u00e1ctica hace que tengas una mayor satisfacci\u00f3n personal.<br \/>\ud83e\udd4a Incrementa la masa \u00f3sea<br \/>Los ejercicios de alto impacto generan una carga importante sobre los huesos, lo que puede provocar un aumento de la masa \u00f3sea.<\/p>\t\t\t\t\t\t<\/div>\n\t\t\t\t<\/div>\n\t\t\t\t\t<\/div>\n\t\t<\/div>\n\t\t\t\t\t\t\t<\/div>\n\t\t<\/section>\n\t\t\t\t\t\t<\/div>\n\t\t\t\t\t<\/div>\n\t\t","protected":false},"excerpt":{"rendered":"<p>Que te Ofrecemos \u00a0 Unas instalaciones de 600 m2 con las m\u00e1s novedosas y \u00faltimas m\u00e1quinas de musculaci\u00f3n. Zona de Crossfit.Zona de Halterofilia.Y un ring profesional con m\u00e1s de 10 sacos y diversos materiales espec\u00edficos donde aprender\u00e1s de este noble arte llamado BOXEO. \u00bfQUE VAS A LOGRAR? ? Libera tensiones y estr\u00e9s Gracias a su [&hellip;]<\/p>\n","protected":false},"author":1,"featured_media":0,"parent":0,"menu_order":0,"comment_status":"closed","ping_status":"closed","template":"","meta":{"footnotes":""},"class_list":["post-63","page","type-page","status-publish","hentry"],"_links":{"self":[{"href":"https:\/\/eltanqueboxingclub.com\/index.php\/wp-json\/wp\/v2\/pages\/63","targetHints":{"allow":["GET"]}}],"collection":[{"href":"https:\/\/eltanqueboxingclub.com\/index.php\/wp-json\/wp\/v2\/pages"}],"about":[{"href":"https:\/\/eltanqueboxingclub.com\/index.php\/wp-json\/wp\/v2\/types\/page"}],"author":[{"embeddable":true,"href":"https:\/\/eltanqueboxingclub.com\/index.php\/wp-json\/wp\/v2\/users\/1"}],"replies":[{"embeddable":true,"href":"https:\/\/eltanqueboxingclub.com\/index.php\/wp-json\/wp\/v2\/comments?post=63"}],"version-history":[{"count":10,"href":"https:\/\/eltanqueboxingclub.com\/index.php\/wp-json\/wp\/v2\/pages\/63\/revisions"}],"predecessor-version":[{"id":155,"href":"https:\/\/eltanqueboxingclub.com\/index.php\/wp-json\/wp\/v2\/pages\/63\/revisions\/155"}],"wp:attachment":[{"href":"https:\/\/eltanqueboxingclub.com\/index.php\/wp-json\/wp\/v2\/media?parent=63"}],"curies":[{"name":"wp","href":"https:\/\/api.w.org\/{rel}","templated":true}]}}